{"id":1602,"date":"2022-04-26T14:06:41","date_gmt":"2022-04-26T14:06:41","guid":{"rendered":"https:\/\/epidermelaser.com\/our-experts\/"},"modified":"2025-10-02T18:42:03","modified_gmt":"2025-10-02T18:42:03","slug":"our-experts","status":"publish","type":"page","link":"https:\/\/epidermelaser.com\/en\/our-experts\/","title":{"rendered":"Our experts"},"content":{"rendered":"<p>[et_pb_section fb_built=&#8221;1&#8243; admin_label=&#8221;section&#8221; _builder_version=&#8221;4.17.4&#8243; use_background_color_gradient=&#8221;on&#8221; background_color_gradient_direction=&#8221;90deg&#8221; background_color_gradient_stops=&#8221;rgba(255,255,255,0) 50%|#1f324c 50%&#8221; background_color_gradient_start=&#8221;#2d3b44&#8243; background_color_gradient_start_position=&#8221;55%&#8221; background_color_gradient_end=&#8221;rgba(41,196,169,0)&#8221; background_color_gradient_end_position=&#8221;55%&#8221; background_color_tablet=&#8221;RGBA(255,255,255,0)&#8221; background_color_phone=&#8221;#FFFFFF&#8221; background_last_edited=&#8221;on|tablet&#8221; background_enable_color_tablet=&#8221;on&#8221; background_enable_color_phone=&#8221;on&#8221; use_background_color_gradient_tablet=&#8221;on&#8221; use_background_color_gradient_phone=&#8221;on&#8221; background_color_gradient_direction_tablet=&#8221;180deg&#8221; background_color_gradient_direction_phone=&#8221;180deg&#8221; background_color_gradient_stops_tablet=&#8221;rgba(255,255,255,0) 60%|#1f324c 60%&#8221; background_color_gradient_stops_phone=&#8221;rgba(255,255,255,0) 80%|#1f324c 80%&#8221; locked=&#8221;off&#8221; global_colors_info=&#8221;{}&#8221;][et_pb_row column_structure=&#8221;1_2,1_2&#8243; admin_label=&#8221;row&#8221; _builder_version=&#8221;4.17.3&#8243; background_size=&#8221;initial&#8221; background_position=&#8221;top_left&#8221; background_repeat=&#8221;repeat&#8221; max_width=&#8221;2560px&#8221; custom_padding=&#8221;4vw|5%|2vw|5%|false|true&#8221; custom_css_main_element=&#8221;display: flex;||align-items: center;&#8221; border_width_all=&#8221;1px&#8221; border_color_all=&#8221;#E6BAB6&#8243; global_colors_info=&#8221;{}&#8221; custom_css_main_element_last_edited=&#8221;on|tablet&#8221; custom_css_main_element_tablet=&#8221;display: block;&#8221; custom_css_main_element_phone=&#8221;display: block;&#8221;][et_pb_column type=&#8221;1_2&#8243; _builder_version=&#8221;4.16&#8243; custom_padding=&#8221;|||&#8221; global_colors_info=&#8221;{}&#8221; custom_padding__hover=&#8221;|||&#8221;][dipl_double_color_heading heading_main_part=&#8221;Claudia Price&#8221; heading_post_part=&#8221;A Leader in Medical Aesthetic Care in Canada&#8221; display_in_stack=&#8221;on&#8221; _builder_version=&#8221;4.23.1&#8243; _module_preset=&#8221;default&#8221; pre_header_font=&#8221;|300|||||||&#8221; pre_header_text_color=&#8221;#ecd8bd&#8221; pre_header_font_size=&#8221;55px&#8221; pre_header_line_height=&#8221;1.3em&#8221; main_header_text_color=&#8221;#1F324C&#8221; main_header_font_size=&#8221;50px&#8221; main_header_letter_spacing=&#8221;1px&#8221; main_header_line_height=&#8221;1.3em&#8221; post_header_text_color=&#8221;#D2958C&#8221; pre_header_font_size_tablet=&#8221;50px&#8221; pre_header_font_size_phone=&#8221;40px&#8221; pre_header_font_size_last_edited=&#8221;on|tablet&#8221; main_header_font_size_tablet=&#8221;50px&#8221; main_header_font_size_phone=&#8221;40px&#8221; main_header_font_size_last_edited=&#8221;on|tablet&#8221; global_colors_info=&#8221;{}&#8221;][\/dipl_double_color_heading][et_pb_text _builder_version=&#8221;4.23.1&#8243; _module_preset=&#8221;default&#8221; text_text_color=&#8221;#1F324C&#8221; text_font_size=&#8221;16px&#8221; background_layout=&#8221;dark&#8221; global_colors_info=&#8221;{}&#8221;]<\/p>\n<p>Claudia Price is one of the select group of certified nurses in cosmetic surgery (Certified Aesthetic Nurse Specialists \u2013 CANS) in Canada. She works closely with three plastic surgeons, as well as technicians specializing in lasers and other advanced aesthetic technologies.<\/p>\n<p>With many years of experience in medical aesthetic injections, Claudia stands out for her gentle, attentive, and resolutely conservative approach, which has allowed her to build a loyal and growing clientele.<\/p>\n<p>Before specializing in the field of aesthetic medicine, Claudia obtained her medical degree from Zulia University in her native Venezuela. After a few years of medical practice, she decided to change scenery\u2014and climate\u2014and settle in Montreal. There, she learned French and continued her training by earning her nursing degree.<\/p>\n<p>Her career quickly took off: she became Head Nurse of the Plastic and Vascular Surgery Operating Room at Santa Cabrini Hospital, as well as Head Nurse at Dr. Yves St. Laurent&#8217;s Aesthetic and Plastic Clinic.<\/p>\n<p>In 2013, she founded her own clinic, Epiderme Laser, of which she is President. With over 20 years of experience in surgery and aesthetics, she now shares her expertise by training doctors and nurses in natural and harmonious injection techniques.<\/p>\n<p>Convinced that continuing education is essential to success, Claudia regularly participates in renowned national and international conferences. She is also a consultant for Allergan Medical Aesthetics, a Level 5 Expert for the MD codes taught by Dr. Mauricio Di Maio, and proudly represents Quebec within its Faculty of Nursing.<\/p>\n<p>\u00a0Professional Affiliations:<\/p>\n<ul>\n<li>Member of the OIIQ (<a href=\"https:\/\/www.oiiq.org\/\" target=\"_blank\" rel=\"noopener\">Order of Nurses of Quebec<\/a>)<\/li>\n<li>Member of the CSASN (<a href=\"https:\/\/csasn.org\/fr\/\">Canadian Society of Aesthetic Specialty Nurses<\/a>)<\/li>\n<li>Member of ISPAN (<a href=\"http:\/\/ispan.org\/\">International Society of Plastic and Aesthetic Nurses<\/a>)<\/li>\n<li>Member of ORNAC (<a href=\"https:\/\/www.cna-aiic.ca\/fr\/formation-continue\/reseau-canadien-des-specialites-en-soins-infirmiers\/quoi-de-neuf-avec-le-reseau\/salle-de-presse-du-reseau\/profile-dun-membre\/2014\/aiisoc\">Canadian Operating Room Nurses Association<\/a>)<\/li>\n<li>Member of RIIEQ (Quebec Association of Aesthetic Nurses)<\/li>\n<\/ul>\n<p>[\/et_pb_text][\/et_pb_column][et_pb_column type=&#8221;1_2&#8243; _builder_version=&#8221;4.16&#8243; custom_padding=&#8221;|||&#8221; global_colors_info=&#8221;{}&#8221; custom_padding__hover=&#8221;|||&#8221;][et_pb_image src=&#8221;https:\/\/epidermelaser.com\/wp-content\/uploads\/2022\/04\/ClaudiaPrice.jpg&#8221; title_text=&#8221;ClaudiaPrice&#8221; _builder_version=&#8221;4.17.3&#8243; _module_preset=&#8221;default&#8221; transform_scale_tablet=&#8221;&#8221; transform_scale_phone=&#8221;&#8221; transform_scale_last_edited=&#8221;on|tablet&#8221; transform_translate=&#8221;110px|0px&#8221; transform_translate_tablet=&#8221;0px|0px&#8221; transform_translate_phone=&#8221;0px|0px&#8221; transform_translate_last_edited=&#8221;on|tablet&#8221; transform_translate_linked=&#8221;off&#8221; transform_rotate_tablet=&#8221;&#8221; transform_rotate_phone=&#8221;&#8221; transform_rotate_last_edited=&#8221;on|tablet&#8221; transform_skew_tablet=&#8221;&#8221; transform_skew_phone=&#8221;&#8221; transform_skew_last_edited=&#8221;on|tablet&#8221; transform_origin_tablet=&#8221;&#8221; transform_origin_phone=&#8221;&#8221; transform_origin_last_edited=&#8221;on|tablet&#8221; transform_styles_last_edited=&#8221;on|tablet&#8221; custom_margin=&#8221;-2vw||||false|false&#8221; transform_styles_tablet=&#8221;&#8221; transform_styles_phone=&#8221;&#8221; global_colors_info=&#8221;{}&#8221;][\/et_pb_image][\/et_pb_column][\/et_pb_row][\/et_pb_section][et_pb_section fb_built=&#8221;1&#8243; custom_padding_last_edited=&#8221;on|tablet&#8221; _builder_version=&#8221;4.17.3&#8243; _module_preset=&#8221;default&#8221; overflow-x=&#8221;visible&#8221; overflow-y=&#8221;visible&#8221; custom_padding=&#8221;||71px||false|false&#8221; custom_padding_tablet=&#8221;||50px||false|false&#8221; custom_padding_phone=&#8221;||50px||false|false&#8221; locked=&#8221;off&#8221; global_colors_info=&#8221;{}&#8221;][et_pb_row column_structure=&#8221;2_5,3_5&#8243; use_custom_gutter=&#8221;on&#8221; custom_padding_last_edited=&#8221;on|phone&#8221; _builder_version=&#8221;4.23.1&#8243; _module_preset=&#8221;default&#8221; width_tablet=&#8221;&#8221; width_phone=&#8221;&#8221; width_last_edited=&#8221;on|desktop&#8221; max_width=&#8221;2560px&#8221; overflow-x=&#8221;visible&#8221; overflow-y=&#8221;visible&#8221; custom_padding=&#8221;80px||||false|false&#8221; custom_padding_tablet=&#8221;80px||||false|false&#8221; custom_padding_phone=&#8221;20px||||false|false&#8221; hover_enabled=&#8221;0&#8243; custom_css_main_element=&#8221;display: flex;||align-items: center;&#8221; global_colors_info=&#8221;{}&#8221; custom_css_main_element_last_edited=&#8221;on|tablet&#8221; custom_css_main_element_tablet=&#8221;display: block;&#8221; custom_css_main_element_phone=&#8221;display: block;&#8221; disabled_on=&#8221;on|on|on&#8221; disabled=&#8221;on&#8221; sticky_enabled=&#8221;0&#8243;][et_pb_column type=&#8221;2_5&#8243; _builder_version=&#8221;4.16&#8243; _module_preset=&#8221;default&#8221; overflow-x=&#8221;visible&#8221; overflow-y=&#8221;visible&#8221; global_colors_info=&#8221;{}&#8221;][dipl_floating_image floating_container_height_tablet=&#8221;&#8221; floating_container_height_phone=&#8221;400px&#8221; floating_container_height_last_edited=&#8221;on|phone&#8221; _builder_version=&#8221;4.17.4&#8243; _module_preset=&#8221;default&#8221; transform_scale=&#8221;118%|118%&#8221; transform_scale_tablet=&#8221;118%|118%&#8221; transform_scale_phone=&#8221;118%|118%&#8221; transform_scale_last_edited=&#8221;on|tablet&#8221; transform_translate_tablet=&#8221;-11px|18px&#8221; transform_translate_phone=&#8221;-11px|18px&#8221; transform_translate_last_edited=&#8221;on|tablet&#8221; transform_rotate_tablet=&#8221;&#8221; transform_rotate_phone=&#8221;&#8221; transform_rotate_last_edited=&#8221;on|tablet&#8221; transform_skew_tablet=&#8221;&#8221; transform_skew_phone=&#8221;&#8221; transform_skew_last_edited=&#8221;on|tablet&#8221; transform_origin_tablet=&#8221;&#8221; transform_origin_phone=&#8221;&#8221; transform_origin_last_edited=&#8221;on|tablet&#8221; transform_styles_last_edited=&#8221;on|tablet&#8221; module_alignment=&#8221;center&#8221; custom_margin_tablet=&#8221;||10vw||false|false&#8221; custom_margin_phone=&#8221;||0vw||false|false&#8221; custom_margin_last_edited=&#8221;on|phone&#8221; transform_styles_tablet=&#8221;&#8221; transform_styles_phone=&#8221;&#8221; global_colors_info=&#8221;{}&#8221;][dipl_floating_image_item image=&#8221;https:\/\/epidermelaser.com\/wp-content\/uploads\/2022\/04\/Dr_Marchica.png&#8221; floatingimage_duration=&#8221;5546ms&#8221; horizontal_align=&#8221;11%&#8221; horizontal_align_tablet=&#8221;11%&#8221; horizontal_align_phone=&#8221;5%&#8221; horizontal_align_last_edited=&#8221;on|phone&#8221; _builder_version=&#8221;4.17.3&#8243; _module_preset=&#8221;default&#8221; width=&#8221;100%&#8221; border_radii=&#8221;off||||30px&#8221; global_colors_info=&#8221;{}&#8221;][\/dipl_floating_image_item][\/dipl_floating_image][\/et_pb_column][et_pb_column type=&#8221;3_5&#8243; _builder_version=&#8221;4.16&#8243; _module_preset=&#8221;default&#8221; overflow-x=&#8221;visible&#8221; overflow-y=&#8221;visible&#8221; global_colors_info=&#8221;{}&#8221;][et_pb_text _builder_version=&#8221;4.17.3&#8243; _module_preset=&#8221;default&#8221; header_2_text_align=&#8221;left&#8221; header_2_font_size=&#8221;50px&#8221; header_2_letter_spacing=&#8221;1px&#8221; header_2_font_size_tablet=&#8221;35px&#8221; header_2_font_size_phone=&#8221;28px&#8221; header_2_font_size_last_edited=&#8221;on|tablet&#8221; global_colors_info=&#8221;{}&#8221;]<\/p>\n<h2 class=\"elementor-heading-title elementor-size-default\">Dr. Cinzia Marchica<\/h2>\n<p>[\/et_pb_text][et_pb_text _builder_version=&#8221;4.17.3&#8243; _module_preset=&#8221;default&#8221; text_font_size=&#8221;16px&#8221; global_colors_info=&#8221;{}&#8221;]Dr. Cinzia Marchica is co-director of undergraduate medical training in Otolaryngology \u2013 Head and Neck Surgery at McGill.<br \/>\nDr. Marchica studied medicine at the University of Montreal after earning a B.A. and M.A. from McGill University.<\/p>\n<p>She then completed her residency in otolaryngology at McGill University, followed by a fellowship in pediatric otolaryngology at Emory University in Atlanta, Georgia.<\/p>\n<p>She is particularly interested in the head and neck pathologies of adults and children.<\/p>\n<p>She is a treating physician at St. Mary\u2019s Hospital and the Lakeshore General Hospital. She is also an assistant professor of otolaryngology at McGill University. Medical education is an integral part of her practice both at the residency and medical school levels.<\/p>\n<p>In the last few years, Dre Marchica became more passionate for aesthetics and her knowledge in facial surgery allowed her to develop her practice in injection treatments.[\/et_pb_text][\/et_pb_column][\/et_pb_row][\/et_pb_section][et_pb_section fb_built=&#8221;1&#8243; custom_padding_last_edited=&#8221;on|tablet&#8221; _builder_version=&#8221;4.17.4&#8243; _module_preset=&#8221;default&#8221; background_color=&#8221;RGBA(255,255,255,0)&#8221; use_background_color_gradient=&#8221;on&#8221; background_color_gradient_direction=&#8221;90deg&#8221; background_color_gradient_stops=&#8221;#9a4030 70%|rgba(255,255,255,0) 70%&#8221; custom_margin=&#8221;0px||0vw||false|false&#8221; custom_padding=&#8221;75px||||false|false&#8221; custom_padding_tablet=&#8221;||0px||false|false&#8221; custom_padding_phone=&#8221;||0px||false|false&#8221; background_last_edited=&#8221;on|phone&#8221; use_background_color_gradient_tablet=&#8221;on&#8221; use_background_color_gradient_phone=&#8221;on&#8221; background_color_gradient_stops_tablet=&#8221;#9a4030 100%|rgba(255,255,255,0) 100%&#8221; background_color_gradient_stops_phone=&#8221;#9a4030 90%|rgba(255,255,255,0) 90%&#8221; locked=&#8221;off&#8221; global_colors_info=&#8221;{}&#8221;][et_pb_row column_structure=&#8221;1_2,1_2&#8243; _builder_version=&#8221;4.17.4&#8243; _module_preset=&#8221;default&#8221; width_last_edited=&#8221;off|desktop&#8221; max_width=&#8221;2560px&#8221; custom_margin_tablet=&#8221;&#8221; custom_margin_phone=&#8221;&#8221; custom_margin_last_edited=&#8221;on|phone&#8221; custom_padding=&#8221;0vw|5%|8px|5%|false|true&#8221; background_color_tablet=&#8221;RGBA(255,255,255,0)&#8221; background_color_phone=&#8221;RGBA(255,255,255,0)&#8221; background_last_edited=&#8221;on|tablet&#8221; background_enable_color_tablet=&#8221;on&#8221; background_enable_color_phone=&#8221;on&#8221; custom_css_main_element=&#8221;display: flex;||align-items: center;&#8221; border_radii=&#8221;off|2vw|||2vw&#8221; border_color_all=&#8221;#ecd8bd&#8221; global_colors_info=&#8221;{}&#8221; custom_css_main_element_last_edited=&#8221;on|tablet&#8221; custom_css_main_element_tablet=&#8221;display: block;&#8221; custom_css_main_element_phone=&#8221;display: block;&#8221;][et_pb_column type=&#8221;1_2&#8243; _builder_version=&#8221;4.17.4&#8243; _module_preset=&#8221;default&#8221; global_colors_info=&#8221;{}&#8221;][et_pb_text _builder_version=&#8221;4.17.4&#8243; _module_preset=&#8221;default&#8221; header_2_text_color=&#8221;#FFFFFF&#8221; header_2_font_size=&#8221;50px&#8221; header_2_letter_spacing=&#8221;1px&#8221; custom_margin=&#8221;0px||30px||false|false&#8221; custom_margin_tablet=&#8221;0px||30px||false|false&#8221; custom_margin_phone=&#8221;0px||30px||false|false&#8221; custom_margin_last_edited=&#8221;on|desktop&#8221; header_2_font_size_tablet=&#8221;35px&#8221; header_2_font_size_phone=&#8221;28px&#8221; header_2_font_size_last_edited=&#8221;on|tablet&#8221; global_colors_info=&#8221;{}&#8221;]<\/p>\n<h2>D<span style=\"font-size: large;\">RE <\/span>MARIE EVE PEPIN MD, F.R.C.S<span style=\"font-size: medium;\"> <strong><sup>\u00a9<\/sup><\/strong><\/span><\/h2>\n<p>[\/et_pb_text][et_pb_text _builder_version=&#8221;4.17.4&#8243; _module_preset=&#8221;default&#8221; text_font_size=&#8221;16px&#8221; background_layout=&#8221;dark&#8221; custom_margin=&#8221;||84px|||&#8221; global_colors_info=&#8221;{}&#8221;]A native of Quebec City, Dr. P\u00e9pin graduated from Laval University in 2008. She completed her training in plastic surgery in 2013 before undertaking a subspecialization in microsurgery and reconstruction at the Sloan Kettering Cancer Center Memorial in New York.<\/p>\n<p>She began her practice at the Anna-Laberge Hospital in Ch\u00e2teauguay, before moving to the Jean-Talon Hospital and the Fleury Hospital in Montreal. She has co-managed outpatient clinics at Fleury Hospital since the fall of 2021.<\/p>\n<p>In addition, Dr.P\u00e9pin is a member of the Bureau d&#8217;\u00c9valuation M\u00e9dicale, acting as an expert to give an opinion on medical subjects related to the repair of occupational injuries and the consequences they entail for workers.<\/p>\n<p>Dr. P\u00e9pin is certified by the Royal College of Physicians and Surgeons of Canada, with a specialty certificate in plastic surgery. She is a member of the <em>Association des Sp\u00e9cialistes en Chirurgie Plastique et Esth\u00e9tique du Qu\u00e9bec<\/em> (ASCPEQ) and the American Society of Reconstructive Microsurgery (ASRM).<\/p>\n<p>Dr. P\u00e9pin is a meticulous surgeon who listens to her patients. It aims for natural results to optimize your beauty while keeping the unique aspect of your body.[\/et_pb_text][\/et_pb_column][et_pb_column type=&#8221;1_2&#8243; _builder_version=&#8221;4.17.3&#8243; _module_preset=&#8221;default&#8221; global_colors_info=&#8221;{}&#8221;][et_pb_image src=&#8221;https:\/\/epidermelaser.com\/wp-content\/uploads\/2022\/04\/Dr_Pepin_rev.png&#8221; title_text=&#8221;Dr_Pepin_rev&#8221; show_bottom_space=&#8221;off&#8221; _builder_version=&#8221;4.17.4&#8243; _module_preset=&#8221;default&#8221; custom_margin=&#8221;||4vw||false|false&#8221; custom_margin_tablet=&#8221;||4vw||false|false&#8221; custom_margin_phone=&#8221;-16vw||16vw||false|false&#8221; custom_margin_last_edited=&#8221;on|phone&#8221; border_radii=&#8221;off||2vw|2vw|&#8221; border_radii_tablet=&#8221;off||2vw|2vw|&#8221; border_radii_phone=&#8221;off|2vw|2vw|2vw|2vw&#8221; border_radii_last_edited=&#8221;on|phone&#8221; global_colors_info=&#8221;{}&#8221;][\/et_pb_image][\/et_pb_column][\/et_pb_row][\/et_pb_section]<\/p>\n","protected":false},"excerpt":{"rendered":"<p><div class=\"et_pb_module dipl_double_color_heading dipl_double_color_heading_0 \">\n\t\t\t\t\n\t\t\t\t\n\t\t\t\t\n\t\t\t\t\n\t\t\t\t\n\t\t\t\t\n\t\t\t\t<div class=\"et_pb_module_inner\">\n\t\t\t\t\t<div class=\"dipl_text_wrapper\"><h2><span class=\"dipl_text_stack dipl_main_text_stack\"><span class=\"dipl_main_text\">Claudia Price<\/span><\/span><span class=\"dipl_text_stack dipl_post_text_stack\"><span class=\"dipl_post_text\">A Leader in Medical Aesthetic Care in Canada<\/span><\/span><\/h2><\/div>\n\t\t\t\t<\/div>\n\t\t\t<\/div>Claudia Price is one of the select group of certified nurses in cosmetic surgery (Certified Aesthetic Nurse Specialists \u2013 CANS) in Canada. She works closely with [&hellip;]<\/p>\n","protected":false},"author":1,"featured_media":0,"parent":0,"menu_order":0,"comment_status":"closed","ping_status":"closed","template":"","meta":{"_et_pb_use_builder":"on","_et_pb_old_content":"","_et_gb_content_width":"","footnotes":""},"class_list":["post-1602","page","type-page","status-publish","hentry"],"_links":{"self":[{"href":"https:\/\/epidermelaser.com\/en\/wp-json\/wp\/v2\/pages\/1602","targetHints":{"allow":["GET"]}}],"collection":[{"href":"https:\/\/epidermelaser.com\/en\/wp-json\/wp\/v2\/pages"}],"about":[{"href":"https:\/\/epidermelaser.com\/en\/wp-json\/wp\/v2\/types\/page"}],"author":[{"embeddable":true,"href":"https:\/\/epidermelaser.com\/en\/wp-json\/wp\/v2\/users\/1"}],"replies":[{"embeddable":true,"href":"https:\/\/epidermelaser.com\/en\/wp-json\/wp\/v2\/comments?post=1602"}],"version-history":[{"count":10,"href":"https:\/\/epidermelaser.com\/en\/wp-json\/wp\/v2\/pages\/1602\/revisions"}],"predecessor-version":[{"id":2630,"href":"https:\/\/epidermelaser.com\/en\/wp-json\/wp\/v2\/pages\/1602\/revisions\/2630"}],"wp:attachment":[{"href":"https:\/\/epidermelaser.com\/en\/wp-json\/wp\/v2\/media?parent=1602"}],"curies":[{"name":"wp","href":"https:\/\/api.w.org\/{rel}","templated":true}]}}