{"id":1475,"date":"2022-04-04T18:42:20","date_gmt":"2022-04-04T18:42:20","guid":{"rendered":"https:\/\/epidermelaser.com\/aesthetic-surgery\/"},"modified":"2022-06-29T17:11:50","modified_gmt":"2022-06-29T17:11:50","slug":"aesthetic-surgery","status":"publish","type":"page","link":"https:\/\/epidermelaser.com\/en\/aesthetic-surgery\/","title":{"rendered":"Aesthetic Surgery"},"content":{"rendered":"<p>[et_pb_section fb_built=&#8221;1&#8243; admin_label=&#8221;Header&#8221; _builder_version=&#8221;4.16.0&#8243; background_image=&#8221;https:\/\/epidermelaser.com\/wp-content\/uploads\/2022\/04\/EL_Chirurgie_topper2.png&#8221; parallax=&#8221;on&#8221; max_width_tablet=&#8221;&#8221; max_width_phone=&#8221;&#8221; max_width_last_edited=&#8221;on|phone&#8221; custom_margin=&#8221;0px|0px|0px|0px|false|true&#8221; custom_margin_tablet=&#8221;20px|20px||20px||true&#8221; custom_margin_phone=&#8221;0px|0px||0px|false|false&#8221; custom_margin_last_edited=&#8221;on|desktop&#8221; custom_padding=&#8221;0px|0px|0px|0px|true|true&#8221; box_shadow_style=&#8221;preset3&#8243; box_shadow_horizontal=&#8221;-30px&#8221; box_shadow_vertical=&#8221;40px&#8221; box_shadow_blur=&#8221;200px&#8221; box_shadow_spread=&#8221;-20px&#8221; box_shadow_color=&#8221;rgba(230,186,182,0.34)&#8221; locked=&#8221;off&#8221; global_colors_info=&#8221;{}&#8221;][et_pb_row custom_padding_last_edited=&#8221;on|phone&#8221; padding_top_bottom_link_1=&#8221;true&#8221; padding_left_right_link_1=&#8221;true&#8221; _builder_version=&#8221;4.17.4&#8243; background_image=&#8221;https:\/\/epidermelaser.com\/wp-content\/uploads\/2022\/03\/EL_top10.png&#8221; background_position=&#8221;bottom_left&#8221; background_vertical_offset=&#8221;-21%&#8221; width=&#8221;100%&#8221; max_width=&#8221;100%&#8221; custom_margin=&#8221;|||&#8221; custom_padding=&#8221;11px|60px|11px||true|false&#8221; custom_padding_tablet=&#8221;17vw||17vw||false&#8221; custom_padding_phone=&#8221;17vw||17vw||false&#8221; hover_enabled=&#8221;0&#8243; use_custom_width=&#8221;on&#8221; width_unit=&#8221;off&#8221; custom_width_percent=&#8221;100%&#8221; global_colors_info=&#8221;{}&#8221; sticky_enabled=&#8221;0&#8243;][et_pb_column type=&#8221;4_4&#8243; _builder_version=&#8221;4.16&#8243; custom_padding=&#8221;10vw|5vw|10vw|5vw&#8221; custom_padding_tablet=&#8221;60px||60px||true&#8221; custom_padding_phone=&#8221;40px||40px||true&#8221; custom_padding_last_edited=&#8221;on|phone&#8221; global_colors_info=&#8221;{}&#8221; custom_padding__hover=&#8221;|||&#8221;][et_pb_text _builder_version=&#8221;4.17.4&#8243; text_font=&#8221;||||||||&#8221; header_font=&#8221;Catchy|||on|||||&#8221; header_text_color=&#8221;#9A4030&#8243; header_font_size=&#8221;4vw&#8221; header_letter_spacing=&#8221;7px&#8221; header_line_height=&#8221;1.3em&#8221; header_6_font=&#8221;|700||on|||||&#8221; header_6_letter_spacing=&#8221;0.5vw&#8221; header_6_line_height=&#8221;2em&#8221; max_width=&#8221;50%&#8221; max_width_tablet=&#8221;70%&#8221; max_width_phone=&#8221;82%&#8221; max_width_last_edited=&#8221;on|phone&#8221; custom_margin=&#8221;-91px|||||&#8221; animation_style=&#8221;zoom&#8221; animation_intensity_zoom=&#8221;5%&#8221; header_font_size_tablet=&#8221;48px&#8221; header_font_size_phone=&#8221;27px&#8221; header_font_size_last_edited=&#8221;on|phone&#8221; global_colors_info=&#8221;{}&#8221;]<\/p>\n<div class=\"elementor-column elementor-col-33 elementor-top-column elementor-element elementor-element-de16124\" data-id=\"de16124\" data-element_type=\"column\">\n<div class=\"elementor-widget-wrap elementor-element-populated\">\n<div class=\"elementor-element elementor-element-be04ed7 elementor-widget elementor-widget-heading\" data-id=\"be04ed7\" data-element_type=\"widget\" data-widget_type=\"heading.default\">\n<div class=\"elementor-widget-container\">\n<h1>Aesthetic Surgery<\/h1>\n<h1 class=\"elementor-heading-title elementor-size-default\"><\/h1>\n<p>&nbsp;<\/p>\n<p>&nbsp;<\/p>\n<\/div>\n<\/div>\n<\/div>\n<\/div>\n<h1><\/h1>\n<p>[\/et_pb_text][\/et_pb_column][\/et_pb_row][et_pb_row _builder_version=&#8221;4.16&#8243; module_alignment=&#8221;right&#8221; custom_margin=&#8221;-42px|auto||auto||&#8221; custom_margin_tablet=&#8221;-17vw||&#8221; custom_margin_phone=&#8221;-25vw|||&#8221; custom_margin_last_edited=&#8221;on|phone&#8221; custom_padding=&#8221;||0px|&#8221; global_colors_info=&#8221;{}&#8221;][et_pb_column type=&#8221;4_4&#8243; _builder_version=&#8221;4.16&#8243; custom_padding=&#8221;|||&#8221; global_colors_info=&#8221;{}&#8221; custom_padding__hover=&#8221;|||&#8221;][et_pb_button button_url=&#8221;https:\/\/epidermelaser.com\/en\/our-experts\/&#8221; button_text=&#8221;Experts&#8221; button_alignment=&#8221;right&#8221; _builder_version=&#8221;4.17.3&#8243; custom_button=&#8221;on&#8221; button_text_size=&#8221;12px&#8221; button_text_color=&#8221;#ffffff&#8221; button_bg_color=&#8221;#9A4030&#8243; button_border_color=&#8221;rgba(0,0,0,0)&#8221; button_border_radius=&#8221;0px&#8221; button_letter_spacing=&#8221;5px&#8221; button_font=&#8221;|700||on|||||&#8221; custom_margin=&#8221;||0px&#8221; custom_margin_phone=&#8221;-15px|||&#8221; custom_margin_last_edited=&#8221;off|desktop&#8221; custom_padding=&#8221;30px|40px|30px|40px|true|false&#8221; custom_padding_tablet=&#8221;&#8221; custom_padding_phone=&#8221;&#8221; custom_padding_last_edited=&#8221;on|desktop&#8221; animation_style=&#8221;slide&#8221; animation_direction=&#8221;right&#8221; box_shadow_style=&#8221;preset3&#8243; box_shadow_color=&#8221;rgba(138,178,211,0.3)&#8221; locked=&#8221;off&#8221; global_colors_info=&#8221;{}&#8221;][\/et_pb_button][et_pb_button button_url=&#8221;https:\/\/epidermelaser.com\/en\/contact\/&#8221; button_text=&#8221;Contact us&#8221; button_alignment=&#8221;right&#8221; _builder_version=&#8221;4.16.1&#8243; custom_button=&#8221;on&#8221; button_text_size=&#8221;12px&#8221; button_text_color=&#8221;#000000&#8243; button_bg_color=&#8221;#ffffff&#8221; button_border_color=&#8221;rgba(0,0,0,0)&#8221; button_border_radius=&#8221;0px&#8221; button_letter_spacing=&#8221;5px&#8221; button_font=&#8221;|700||on|||||&#8221; custom_margin=&#8221;||0px&#8221; custom_margin_phone=&#8221;-15px|||&#8221; custom_margin_last_edited=&#8221;off|tablet&#8221; custom_padding=&#8221;30px|40px|30px|40px|true|true&#8221; custom_padding_last_edited=&#8221;off|desktop&#8221; animation_style=&#8221;slide&#8221; animation_direction=&#8221;right&#8221; box_shadow_style=&#8221;preset3&#8243; box_shadow_color=&#8221;rgba(138,178,211,0.3)&#8221; locked=&#8221;off&#8221; global_colors_info=&#8221;{}&#8221;][\/et_pb_button][\/et_pb_column][\/et_pb_row][\/et_pb_section][et_pb_section fb_built=&#8221;1&#8243; custom_padding_last_edited=&#8221;on|phone&#8221; admin_label=&#8221;Services&#8221; _builder_version=&#8221;4.16&#8243; custom_padding=&#8221;70px|0px|98px|0px||&#8221; custom_padding_tablet=&#8221;70px|0px|98px|0px||&#8221; custom_padding_phone=&#8221;4vw|0px|4vw|0px|false|false&#8221; locked=&#8221;off&#8221; global_colors_info=&#8221;{}&#8221;][et_pb_row _builder_version=&#8221;4.16&#8243; custom_padding=&#8221;|||&#8221; global_colors_info=&#8221;{}&#8221;][et_pb_column type=&#8221;4_4&#8243; _builder_version=&#8221;4.16&#8243; custom_padding=&#8221;|||&#8221; global_colors_info=&#8221;{}&#8221; custom_padding__hover=&#8221;|||&#8221;][et_pb_text _builder_version=&#8221;4.16&#8243; text_font=&#8221;Montserrat|500|||||||&#8221; text_text_color=&#8221;rgba(47,56,84,0.5)&#8221; text_font_size=&#8221;16px&#8221; text_line_height=&#8221;1.9em&#8221; header_font=&#8221;||||||||&#8221; header_2_font=&#8221;Catchy|600|||||||&#8221; header_2_font_size=&#8221;50px&#8221; header_2_letter_spacing=&#8221;4px&#8221; header_2_line_height=&#8221;1.3em&#8221; text_orientation=&#8221;center&#8221; max_width=&#8221;700px&#8221; module_alignment=&#8221;center&#8221; global_colors_info=&#8221;{}&#8221;]<\/p>\n<h2>Why Epiderme Laser for your care?<\/h2>\n<p>[\/et_pb_text][\/et_pb_column][\/et_pb_row][et_pb_row _builder_version=&#8221;4.16&#8243; custom_padding=&#8221;27px|0px|50px|0px&#8221; global_colors_info=&#8221;{}&#8221;][et_pb_column type=&#8221;4_4&#8243; _builder_version=&#8221;4.16&#8243; custom_padding=&#8221;|||&#8221; global_colors_info=&#8221;{}&#8221; custom_padding__hover=&#8221;|||&#8221;][et_pb_text admin_label=&#8221;Paragraph&#8221; _builder_version=&#8221;4.17.3&#8243; text_font=&#8221;Montserrat|500|||||||&#8221; text_text_color=&#8221;rgba(47,56,84,0.5)&#8221; text_font_size=&#8221;16px&#8221; text_line_height=&#8221;1.9em&#8221; header_font=&#8221;||||||||&#8221; header_2_font=&#8221;Yeseva One||||||||&#8221; header_2_text_color=&#8221;#2f3854&#8243; header_2_font_size=&#8221;50px&#8221; header_2_line_height=&#8221;1.4em&#8221; module_alignment=&#8221;center&#8221; global_colors_info=&#8221;{}&#8221;]<\/p>\n<p id=\"tw-target-text\" class=\"tw-data-text tw-text-large tw-ta\" dir=\"ltr\" data-placeholder=\"Traduction\"><span class=\"Y2IQFc\" lang=\"en\">Improve the figure, face, scars or mole that bothers you! At Epiderme Laser we have a team of plastic surgeons and a facial surgeon who will take care of you. With the highest standards, our doctors will be able to accompany you in the surgical process, from the beginning of the consultation until the end of the recovery. All our surgeons are recognized by the Royal College of Canada and are members in good standing of the <em>Coll\u00e8ge de M\u00e9decins du Qu\u00e9bec<\/em>.<\/span><\/p>\n<p>[\/et_pb_text][\/et_pb_column][\/et_pb_row][\/et_pb_section][et_pb_section fb_built=&#8221;1&#8243; _builder_version=&#8221;4.16&#8243; _module_preset=&#8221;default&#8221; custom_margin=&#8221;||0px||false|false&#8221; custom_padding=&#8221;2px||0px||false|false&#8221; global_colors_info=&#8221;{}&#8221;][et_pb_row column_structure=&#8221;1_2,1_2&#8243; use_custom_gutter=&#8221;on&#8221; gutter_width=&#8221;1&#8243; make_equal=&#8221;on&#8221; admin_label=&#8221;CTA Row&#8221; module_class=&#8221; et_pb_row_fullwidth&#8221; _builder_version=&#8221;4.16&#8243; width=&#8221;100%&#8221; width_tablet=&#8221;100%&#8221; width_phone=&#8221;100%&#8221; width_last_edited=&#8221;on|desktop&#8221; max_width=&#8221;100%&#8221; max_width_tablet=&#8221;100%&#8221; max_width_phone=&#8221;100%&#8221; max_width_last_edited=&#8221;on|desktop&#8221; custom_padding=&#8221;0px|0px|0px|0px&#8221; make_fullwidth=&#8221;on&#8221; locked=&#8221;off&#8221; global_colors_info=&#8221;{}&#8221;][et_pb_column type=&#8221;1_2&#8243; _builder_version=&#8221;4.16&#8243; background_image=&#8221;https:\/\/epidermelaser.com\/wp-content\/uploads\/2022\/04\/EL-chirurgie.png&#8221; custom_padding=&#8221;|||&#8221; global_colors_info=&#8221;{}&#8221; custom_padding__hover=&#8221;|||&#8221;][et_pb_divider show_divider=&#8221;off&#8221; _builder_version=&#8221;4.16&#8243; height=&#8221;400px&#8221; locked=&#8221;off&#8221; global_colors_info=&#8221;{}&#8221;][\/et_pb_divider][\/et_pb_column][et_pb_column type=&#8221;1_2&#8243; _builder_version=&#8221;4.16&#8243; background_color=&#8221;#9A4030&#8243; custom_padding=&#8221;|||&#8221; global_colors_info=&#8221;{}&#8221; custom_padding__hover=&#8221;|||&#8221;][et_pb_text _builder_version=&#8221;4.16.1&#8243; _module_preset=&#8221;default&#8221; header_font=&#8221;|600|||||||&#8221; header_text_color=&#8221;#FFFFFF&#8221; header_font_size=&#8221;55px&#8221; header_letter_spacing=&#8221;3px&#8221; custom_margin_tablet=&#8221;&#8221; custom_margin_phone=&#8221;10vw|||5vw|false|false&#8221; custom_margin_last_edited=&#8221;on|phone&#8221; custom_padding=&#8221;4vw|5vw||5vw|false|true&#8221; global_colors_info=&#8221;{}&#8221;]<\/p>\n<h1>Our surgeries available<\/h1>\n<p>[\/et_pb_text][et_pb_accordion open_toggle_background_color=&#8221;RGBA(255,255,255,0)&#8221; closed_toggle_background_color=&#8221;RGBA(255,255,255,0)&#8221; icon_color=&#8221;#ffffff&#8221; use_icon_font_size=&#8221;on&#8221; icon_font_size=&#8221;22px&#8221; _builder_version=&#8221;4.17.0&#8243; _module_preset=&#8221;default&#8221; toggle_text_color=&#8221;#FFFFFF&#8221; toggle_font=&#8221;Avenir Next Regular|900|||||||&#8221; toggle_font_size=&#8221;22px&#8221; toggle_letter_spacing=&#8221;2px&#8221; toggle_line_height=&#8221;1.4em&#8221; body_text_color=&#8221;#FFFFFF&#8221; body_font_size=&#8221;16px&#8221; body_letter_spacing=&#8221;1px&#8221; custom_margin=&#8221;2vw|4vw|4vw|4vw|false|true&#8221; custom_padding=&#8221;0px||0px||true|false&#8221; border_width_all=&#8221;0px&#8221; border_width_bottom=&#8221;1px&#8221; global_colors_info=&#8221;{}&#8221;][et_pb_accordion_item title=&#8221;Blepharoplasty or eyelid surgery&#8221; open=&#8221;on&#8221; _builder_version=&#8221;4.17.0&#8243; _module_preset=&#8221;default&#8221; global_colors_info=&#8221;{}&#8221;]<\/p>\n<p id=\"tw-target-text\" class=\"tw-data-text tw-text-large tw-ta\" dir=\"ltr\" data-placeholder=\"Traduction\"><span class=\"Y2IQFc\" lang=\"en\">Crow&#8217;s feet that crinkle at the corner of the eyes when you smile, dark circles that are not too marked, a very slightly drooping eyelid can add a little joy and a lot of intensity to the look. <\/span><\/p>\n<p class=\"tw-data-text tw-text-large tw-ta\" dir=\"ltr\" data-placeholder=\"Traduction\"><span class=\"Y2IQFc\" lang=\"en\">Find a youthful look in an hour!\u00a0<\/span><\/p>\n<p dir=\"ltr\" data-placeholder=\"Traduction\"><strong><a style=\"color: #d2958c;\" href=\"https:\/\/epidermelaser.com\/en\/aesthetic-surgery\/breast-augmentation\/\">Learn more<\/a><\/strong><\/p>\n<p>[\/et_pb_accordion_item][et_pb_accordion_item title=&#8221;Facelift&#8221; _builder_version=&#8221;4.17.0&#8243; _module_preset=&#8221;default&#8221; global_colors_info=&#8221;{}&#8221; open=&#8221;off&#8221;]A facelift or rhytidectomy is a facial surgical procedure that improves the appearance of the cheeks and neck.<\/p>\n<p><strong><span style=\"color: #d2958c;\"><a style=\"color: #d2958c;\" href=\"https:\/\/epidermelaser.com\/en\/aesthetic-surgery\/breast-augmentation\/\">Learn more<\/a><\/span><\/strong>[\/et_pb_accordion_item][et_pb_accordion_item title=&#8221;Liposuction&#8221; _builder_version=&#8221;4.17.0&#8243; _module_preset=&#8221;default&#8221; global_colors_info=&#8221;{}&#8221; open=&#8221;off&#8221;]Liposuction is a technique designed to improve the shape of the body by extracting fat from the thighs, horse panties, flanks, abdomen, knees, ankles, calves, back or chin.<\/p>\n<p><span style=\"color: #d2958c;\"><b>Learn more<\/b><\/span>[\/et_pb_accordion_item][et_pb_accordion_item title=&#8221;Breast augmentation&#8221; _builder_version=&#8221;4.17.0&#8243; _module_preset=&#8221;default&#8221; global_colors_info=&#8221;{}&#8221; open=&#8221;off&#8221;]Breast augmentation is performed to increase breast volume, improve breast shape, or both. It can add volume to breasts or restore volume to breasts following pregnancy or weight loss.<\/p>\n<p><span style=\"color: #d2958c;\"><b>Learn more<\/b><\/span>[\/et_pb_accordion_item][\/et_pb_accordion][\/et_pb_column][\/et_pb_row][\/et_pb_section]<\/p>\n","protected":false},"excerpt":{"rendered":"<p>Aesthetic Surgery &nbsp; &nbsp; Why Epiderme Laser for your care?Improve the figure, face, scars or mole that bothers you! At Epiderme Laser we have a team of plastic surgeons and a facial surgeon who will take care of you. With the highest standards, our doctors will be able to accompany you in the surgical process, [&hellip;]<\/p>\n","protected":false},"author":1,"featured_media":0,"parent":0,"menu_order":0,"comment_status":"closed","ping_status":"closed","template":"","meta":{"_et_pb_use_builder":"on","_et_pb_old_content":"","_et_gb_content_width":"","footnotes":""},"class_list":["post-1475","page","type-page","status-publish","hentry"],"_links":{"self":[{"href":"https:\/\/epidermelaser.com\/en\/wp-json\/wp\/v2\/pages\/1475","targetHints":{"allow":["GET"]}}],"collection":[{"href":"https:\/\/epidermelaser.com\/en\/wp-json\/wp\/v2\/pages"}],"about":[{"href":"https:\/\/epidermelaser.com\/en\/wp-json\/wp\/v2\/types\/page"}],"author":[{"embeddable":true,"href":"https:\/\/epidermelaser.com\/en\/wp-json\/wp\/v2\/users\/1"}],"replies":[{"embeddable":true,"href":"https:\/\/epidermelaser.com\/en\/wp-json\/wp\/v2\/comments?post=1475"}],"version-history":[{"count":12,"href":"https:\/\/epidermelaser.com\/en\/wp-json\/wp\/v2\/pages\/1475\/revisions"}],"predecessor-version":[{"id":2234,"href":"https:\/\/epidermelaser.com\/en\/wp-json\/wp\/v2\/pages\/1475\/revisions\/2234"}],"wp:attachment":[{"href":"https:\/\/epidermelaser.com\/en\/wp-json\/wp\/v2\/media?parent=1475"}],"curies":[{"name":"wp","href":"https:\/\/api.w.org\/{rel}","templated":true}]}}